{"id":14,"date":"2018-02-09T13:26:46","date_gmt":"2018-02-09T13:26:46","guid":{"rendered":"http:\/\/fischerstadt-zeitdiebe.de\/?page_id=14"},"modified":"2024-02-03T15:55:51","modified_gmt":"2024-02-03T15:55:51","slug":"impressum","status":"publish","type":"page","link":"https:\/\/fischerstadt-zeitdiebe.de\/?page_id=14","title":{"rendered":"Impressum"},"content":{"rendered":"<h6 style=\"text-align: center;\">VERANTWORTLICH IM SINNE DES TDG BZW. MDSTV<br \/>\nWEBSEITE\/DOMAININHABER<\/h6>\n<h6 style=\"text-align: center;\">Zeitdiebe<\/h6>\n<h6 style=\"text-align: center;\">J\u00fcrgen Niemann<\/h6>\n<h6 style=\"text-align: center;\">Oberstr. 24, 32423 Minden<\/h6>\n<h5 style=\"text-align: center;\">EMAIL : kontakt@fischerstadt-zeitdiebe.de<\/h5>\n<h6 style=\"text-align: center;\">WEBSEITE\/HOSTING Strato.de WordPress<\/h6>\n<h6 style=\"text-align: center;\">HAFTUNGSAUSSCHLUSS<\/h6>\n<h6 style=\"text-align: center;\">1.INHALT DES ONLINEANGEBOTES\u00a0\u00a0DER AUTOR \u00dcBERNIMMT KEINERLEI GEW\u00c4HR F\u00dcR DIE AKTUALIT\u00c4T, KORREKTHEIT, VOLLST\u00c4NDIGKEIT ODER QUALIT\u00c4T DER BEREITGESTELLTEN INFORMATIONEN. HAFTUNGSANSPR\u00dcCHE GEGEN DEN AUTOR, WELCHE SICH AUF SCH\u00c4DEN MATERIELLER ODER IDEELLER ART BEZIEHEN, DIE DURCH DIE NUTZUNG ODER NICHTNUTZUNG DER DARGEBOTENEN INFORMATIONEN BZW. DURCH DIE NUTZUNG FEHLERHAFTER UND UNVOLLST\u00c4NDIGER INFORMATIONEN VERURSACHT WURDEN, SIND GRUNDS\u00c4TZLICH AUSGESCHLOSSEN, SOFERN SEITENS DES AUTORS KEIN NACHWEISLICH VORS\u00c4TZLICHES ODER GROB FAHRL\u00c4SSIGES VERSCHULDEN VORLIEGT.ALLE ANGEBOTE SIND FREIBLEIBEND UND UNVERBINDLICH. DER AUTOR BEH\u00c4LT ES SICH AUSDR\u00dcCKLICH VOR, TEILE DER SEITEN ODER DAS GESAMTE ANGEBOT OHNE GESONDERTE ANK\u00dcNDIGUNG ZU VER\u00c4NDERN, ZU ERG\u00c4NZEN, ZU L\u00d6SCHEN ODER DIE VER\u00d6FFENTLICHUNG ZEITWEISE ODER ENDG\u00dcLTIG EINZUSTELLEN.\u00a0\u00a02. VERWEISE UND LINKS\u00a0\u00a0BEI DIREKTEN ODER INDIREKTEN VERWEISEN AUF FREMDE WEBSEITEN (&#8222;HYPERLINKS&#8220;), DIE AUSSERHALB DES VERANTWORTUNGSBEREICHES DES AUTORS LIEGEN, W\u00dcRDE EINE HAFTUNGSVERPFLICHTUNG AUSSCHLIESSLICH IN DEM FALL IN KRAFT TRETEN, IN DEM DER AUTOR VON DEN INHALTEN KENNTNIS HAT UND ES IHM TECHNISCH M\u00d6GLICH UND ZUMUTBAR W\u00c4RE, DIE NUTZUNG IM FALLE RECHTSWIDRIGER INHALTE ZU VERHINDERN.DER AUTOR ERKL\u00c4RT HIERMIT AUSDR\u00dcCKLICH, DASS ZUM ZEITPUNKT DER LINKSETZUNG KEINE ILLEGALEN INHALTE AUF DEN ZU VERLINKENDEN SEITEN ERKENNBAR WAREN. AUF DIE AKTUELLE UND ZUK\u00dcNFTIGE GESTALTUNG, DIE INHALTE ODER DIE URHEBERSCHAFT DER VERLINKTEN\/VERKN\u00dcPFTEN SEITEN HAT DER AUTOR KEINERLEI EINFLUSS. DESHALB DISTANZIERT ER SICH HIERMIT AUSDR\u00dcCKLICH VON ALLEN INHALTEN ALLER VERLINKTEN \/VERKN\u00dcPFTEN SEITEN, DIE NACH DER LINKSETZUNG VER\u00c4NDERT WURDEN. DIESE FESTSTELLUNG GILT F\u00dcR ALLE INNERHALB DES EIGENEN INTERNETANGEBOTES GESETZTEN LINKS UND VERWEISE SOWIE F\u00dcR FREMDEINTR\u00c4GE IN VOM AUTOR EINGERICHTETEN G\u00c4STEB\u00dcCHERN, DISKUSSIONSFOREN, LINKVERZEICHNISSEN, MAILINGLISTEN UND IN ALLEN ANDEREN FORMEN VON DATENBANKEN, AUF DEREN INHALT EXTERNE SCHREIBZUGRIFFE M\u00d6GLICH SIND. F\u00dcR ILLEGALE, FEHLERHAFTE ODER UNVOLLST\u00c4NDIGE INHALTE UND INSBESONDERE F\u00dcR SCH\u00c4DEN, DIE AUS DER NUTZUNG ODER NICHTNUTZUNG SOLCHERART DARGEBOTENER INFORMATIONEN ENTSTEHEN, HAFTET ALLEIN DER ANBIETER DER SEITE, AUF WELCHE VERWIESEN WURDE, NICHT DERJENIGE, DER \u00dcBER LINKS AUF DIE JEWEILIGE VER\u00d6FFENTLICHUNG LEDIGLICH VERWEIS\u00a0\u00a03. URHEBER- UND KENNZEICHENRECHT\u00a0\u00a0DER AUTOR IST BESTREBT, IN ALLEN PUBLIKATIONEN DIE URHEBERRECHTE DER VERWENDETEN BILDER, GRAFIKEN, TONDOKUMENTE, VIDEOSEQUENZEN UND TEXTE ZU BEACHTEN, VON IHM SELBST ERSTELLTE BILDER, GRAFIKEN, TONDOKUMENTE, VIDEOSEQUENZEN UND TEXTE ZU NUTZEN ODER AUF LIZENZFREIE GRAFIKEN, TONDOKUMENTE, VIDEOSEQUENZEN UND TEXTE ZUR\u00dcCKZUGREIFEN.<\/h6>\n<h6 style=\"text-align: center;\">ALLE INNERHALB DES INTERNETANGEBOTES GENANNTEN UND GGF. DURCH DRITTE GESCH\u00dcTZTEN MARKEN- UND WARENZEICHEN UNTERLIEGEN UNEINGESCHR\u00c4NKT DEN BESTIMMUNGEN DES JEWEILS G\u00dcLTIGEN KENNZEICHENRECHTS UND DEN BESITZRECHTEN DER JEWEILIGEN EINGETRAGENEN EIGENT\u00dcMER. ALLEIN AUFGRUND DER BLOSSEN NENNUNG IST NICHT DER SCHLUSS ZU ZIEHEN, DASS MARKENZEICHEN NICHT DURCH RECHTE DRITTER GESCH\u00dcTZT SIND<\/h6>\n<h6 style=\"text-align: center;\">DAS COPYRIGHT F\u00dcR VER\u00d6FFENTLICHTE, VOM AUTOR SELBST ERSTELLTE OBJEKTE BLEIBT ALLEIN BEIM AUTOR DER SEITEN. EINE VERVIELF\u00c4LTIGUNG ODER VERWENDUNG SOLCHER GRAFIKEN, TONDOKUMENTE, VIDEOSEQUENZEN UND TEXTE IN ANDEREN ELEKTRONISCHEN ODER GEDRUCKTEN PUBLIKATIONEN IST OHNE AUSDR\u00dcCKLICHE ZUSTIMMUNG DES AUTORS NICHT GESTATTET.\u00a0\u00a04. DATENSCHUTZ\u00a0\u00a0SOFERN INNERHALB DES INTERNETANGEBOTES DIE M\u00d6GLICHKEIT ZUR EINGABE PERS\u00d6NLICHER ODER GESCH\u00c4FTLICHER DATEN (EMAILADRESSEN, NAMEN, ANSCHRIFTEN) BESTEHT, SO ERFOLGT DIE PREISGABE DIESER DATEN SEITENS DES NUTZERS AUF AUSDR\u00dcCKLICH FREIWILLIGER BASIS. DIE INANSPRUCHNAHME UND BEZAHLUNG ALLER ANGEBOTENEN DIENSTE IST &#8211; SOWEIT TECHNISCH M\u00d6GLICH UND ZUMUTBAR &#8211; AUCH OHNE ANGABE SOLCHER DATEN BZW. UNTER ANGABE ANONYMISIERTER DATEN ODER EINES PSEUDONYMS GESTATTET. DIE NUTZUNG DER IM RAHMEN DES IMPRESSUMS ODER VERGLEICHBARER ANGABEN VER\u00d6FFENTLICHTEN KONTAKTDATEN WIE POSTANSCHRIFTEN, TELEFON- UND FAXNUMMERN SOWIE EMAILADRESSEN DURCH DRITTE ZUR \u00dcBERSENDUNG VON NICHT AUSDR\u00dcCKLICH ANGEFORDERTEN INFORMATIONEN IST NICHT GESTATTET. RECHTLICHE SCHRITTE GEGEN DIE VERSENDER VON SOGENANNTEN SPAM-MAILS BEI VERST\u00d6SSEN GEGEN DIESES VERBOT SIND AUSDR\u00dcCKLICH VORBEHALTEN.\u00a0\u00a05. RECHTSWIRKSAMKEIT DIESES HAFTUNGSAUSSCHLUSSES\u00a0\u00a0DIESER HAFTUNGSAUSSCHLUSS IST ALS TEIL DES INTERNETANGEBOTES ZU BETRACHTEN, VON DEM AUS AUF DIESE SEITE VERWIESEN WURDE. SOFERN TEILE ODER EINZELNE FORMULIERUNGEN DIESES TEXTES DER GELTENDEN RECHTSLAGE NICHT, NICHT MEHR ODER NICHT VOLLST\u00c4NDIG ENTSPRECHEN SOLLTEN, BLEIBEN DIE \u00dcBRIGEN TEILE DES DOKUMENTES IN IHREM INHALT UND IHRER G\u00dcLTIGKEIT DAVON UNBER\u00dcHRT.<\/h6>\n","protected":false},"excerpt":{"rendered":"<p>VERANTWORTLICH IM SINNE DES TDG BZW. MDSTV WEBSEITE\/DOMAININHABER Zeitdiebe J\u00fcrgen Niemann Oberstr. 24, 32423 Minden EMAIL : kontakt@fischerstadt-zeitdiebe.de WEBSEITE\/HOSTING Strato.de WordPress HAFTUNGSAUSSCHLUSS 1.INHALT DES ONLINEANGEBOTES\u00a0\u00a0DER AUTOR \u00dcBERNIMMT KEINERLEI GEW\u00c4HR F\u00dcR DIE AKTUALIT\u00c4T, KORREKTHEIT, VOLLST\u00c4NDIGKEIT ODER QUALIT\u00c4T DER BEREITGESTELLTEN INFORMATIONEN. HAFTUNGSANSPR\u00dcCHE&#8230; <a class=\"more-link\" href=\"https:\/\/fischerstadt-zeitdiebe.de\/?page_id=14\">Weiterlesen &rarr;<\/a><\/p>\n","protected":false},"author":1,"featured_media":0,"parent":0,"menu_order":0,"comment_status":"closed","ping_status":"closed","template":"","meta":{"footnotes":""},"class_list":["post-14","page","type-page","status-publish","hentry"],"_links":{"self":[{"href":"https:\/\/fischerstadt-zeitdiebe.de\/index.php?rest_route=\/wp\/v2\/pages\/14","targetHints":{"allow":["GET"]}}],"collection":[{"href":"https:\/\/fischerstadt-zeitdiebe.de\/index.php?rest_route=\/wp\/v2\/pages"}],"about":[{"href":"https:\/\/fischerstadt-zeitdiebe.de\/index.php?rest_route=\/wp\/v2\/types\/page"}],"author":[{"embeddable":true,"href":"https:\/\/fischerstadt-zeitdiebe.de\/index.php?rest_route=\/wp\/v2\/users\/1"}],"replies":[{"embeddable":true,"href":"https:\/\/fischerstadt-zeitdiebe.de\/index.php?rest_route=%2Fwp%2Fv2%2Fcomments&post=14"}],"version-history":[{"count":4,"href":"https:\/\/fischerstadt-zeitdiebe.de\/index.php?rest_route=\/wp\/v2\/pages\/14\/revisions"}],"predecessor-version":[{"id":143,"href":"https:\/\/fischerstadt-zeitdiebe.de\/index.php?rest_route=\/wp\/v2\/pages\/14\/revisions\/143"}],"wp:attachment":[{"href":"https:\/\/fischerstadt-zeitdiebe.de\/index.php?rest_route=%2Fwp%2Fv2%2Fmedia&parent=14"}],"curies":[{"name":"wp","href":"https:\/\/api.w.org\/{rel}","templated":true}]}}