{"id":8,"date":"2018-02-09T13:25:05","date_gmt":"2018-02-09T13:25:05","guid":{"rendered":"http:\/\/fischerstadt-zeitdiebe.de\/?page_id=8"},"modified":"2023-04-03T19:49:43","modified_gmt":"2023-04-03T19:49:43","slug":"die-zeitdiebe","status":"publish","type":"page","link":"https:\/\/fischerstadt-zeitdiebe.de\/","title":{"rendered":"Die Zeitdiebe"},"content":{"rendered":"<p style=\"text-align: center;\"><img loading=\"lazy\" decoding=\"async\" class=\"wp-image-137 aligncenter\" src=\"http:\/\/fischerstadt-zeitdiebe.de\/wp-content\/uploads\/2023\/04\/000300003Hochzeit-Maik-und-Corinna-Buhre-am-18.8.2018-Foto-Nummer-003-683x1024.jpg\" alt=\"\" width=\"211\" height=\"316\" srcset=\"https:\/\/fischerstadt-zeitdiebe.de\/wp-content\/uploads\/2023\/04\/000300003Hochzeit-Maik-und-Corinna-Buhre-am-18.8.2018-Foto-Nummer-003-683x1024.jpg 683w, https:\/\/fischerstadt-zeitdiebe.de\/wp-content\/uploads\/2023\/04\/000300003Hochzeit-Maik-und-Corinna-Buhre-am-18.8.2018-Foto-Nummer-003-200x300.jpg 200w, https:\/\/fischerstadt-zeitdiebe.de\/wp-content\/uploads\/2023\/04\/000300003Hochzeit-Maik-und-Corinna-Buhre-am-18.8.2018-Foto-Nummer-003-768x1152.jpg 768w, https:\/\/fischerstadt-zeitdiebe.de\/wp-content\/uploads\/2023\/04\/000300003Hochzeit-Maik-und-Corinna-Buhre-am-18.8.2018-Foto-Nummer-003-1024x1536.jpg 1024w, https:\/\/fischerstadt-zeitdiebe.de\/wp-content\/uploads\/2023\/04\/000300003Hochzeit-Maik-und-Corinna-Buhre-am-18.8.2018-Foto-Nummer-003-1365x2048.jpg 1365w, https:\/\/fischerstadt-zeitdiebe.de\/wp-content\/uploads\/2023\/04\/000300003Hochzeit-Maik-und-Corinna-Buhre-am-18.8.2018-Foto-Nummer-003-600x900.jpg 600w, https:\/\/fischerstadt-zeitdiebe.de\/wp-content\/uploads\/2023\/04\/000300003Hochzeit-Maik-und-Corinna-Buhre-am-18.8.2018-Foto-Nummer-003-945x1418.jpg 945w, https:\/\/fischerstadt-zeitdiebe.de\/wp-content\/uploads\/2023\/04\/000300003Hochzeit-Maik-und-Corinna-Buhre-am-18.8.2018-Foto-Nummer-003-scaled.jpg 1707w\" sizes=\"auto, (max-width: 211px) 100vw, 211px\" \/><\/p>\n<p>\u00a0<\/p>\n<h3 style=\"text-align: center;\">\u00a0<strong>MEISTER J\u00d6RGEN<\/strong><\/h3>\n<hr \/>\n<h3 style=\"text-align: center;\"><img loading=\"lazy\" decoding=\"async\" class=\"alignnone  wp-image-128\" src=\"http:\/\/fischerstadt-zeitdiebe.de\/wp-content\/uploads\/2023\/04\/Schallermann-1024x931.jpg\" alt=\"\" width=\"259\" height=\"235\" srcset=\"https:\/\/fischerstadt-zeitdiebe.de\/wp-content\/uploads\/2023\/04\/Schallermann-1024x931.jpg 1024w, https:\/\/fischerstadt-zeitdiebe.de\/wp-content\/uploads\/2023\/04\/Schallermann-300x273.jpg 300w, https:\/\/fischerstadt-zeitdiebe.de\/wp-content\/uploads\/2023\/04\/Schallermann-768x698.jpg 768w, https:\/\/fischerstadt-zeitdiebe.de\/wp-content\/uploads\/2023\/04\/Schallermann-600x546.jpg 600w, https:\/\/fischerstadt-zeitdiebe.de\/wp-content\/uploads\/2023\/04\/Schallermann-945x859.jpg 945w, https:\/\/fischerstadt-zeitdiebe.de\/wp-content\/uploads\/2023\/04\/Schallermann.jpg 1081w\" sizes=\"auto, (max-width: 259px) 100vw, 259px\" \/><\/h3>\n<h3 style=\"text-align: center;\">SCHALLERMANN ULI<\/h3>\n<hr \/>\n<h3 style=\"text-align: center;\"><img loading=\"lazy\" decoding=\"async\" class=\"alignnone wp-image-40\" src=\"http:\/\/fischerstadt-zeitdiebe.de\/wp-content\/uploads\/2018\/03\/Unbenannt-1dxgvx-300x208.png\" alt=\"\" width=\"400\" height=\"277\" srcset=\"https:\/\/fischerstadt-zeitdiebe.de\/wp-content\/uploads\/2018\/03\/Unbenannt-1dxgvx-300x208.png 300w, https:\/\/fischerstadt-zeitdiebe.de\/wp-content\/uploads\/2018\/03\/Unbenannt-1dxgvx-768x532.png 768w, https:\/\/fischerstadt-zeitdiebe.de\/wp-content\/uploads\/2018\/03\/Unbenannt-1dxgvx-1024x709.png 1024w, https:\/\/fischerstadt-zeitdiebe.de\/wp-content\/uploads\/2018\/03\/Unbenannt-1dxgvx-945x654.png 945w, https:\/\/fischerstadt-zeitdiebe.de\/wp-content\/uploads\/2018\/03\/Unbenannt-1dxgvx-600x416.png 600w, https:\/\/fischerstadt-zeitdiebe.de\/wp-content\/uploads\/2018\/03\/Unbenannt-1dxgvx.png 1535w\" sizes=\"auto, (max-width: 400px) 100vw, 400px\" \/><\/h3>\n<h3 style=\"text-align: center;\">FISCHERS FRAU<\/h3>\n<hr \/>\n<h3 style=\"text-align: center;\"><img loading=\"lazy\" decoding=\"async\" class=\"alignnone  wp-image-111\" src=\"http:\/\/fischerstadt-zeitdiebe.de\/wp-content\/uploads\/2023\/04\/Marie-Vom-Rathaus.jpg\" alt=\"\" width=\"195\" height=\"351\" srcset=\"https:\/\/fischerstadt-zeitdiebe.de\/wp-content\/uploads\/2023\/04\/Marie-Vom-Rathaus.jpg 779w, https:\/\/fischerstadt-zeitdiebe.de\/wp-content\/uploads\/2023\/04\/Marie-Vom-Rathaus-167x300.jpg 167w, https:\/\/fischerstadt-zeitdiebe.de\/wp-content\/uploads\/2023\/04\/Marie-Vom-Rathaus-569x1024.jpg 569w, https:\/\/fischerstadt-zeitdiebe.de\/wp-content\/uploads\/2023\/04\/Marie-Vom-Rathaus-768x1383.jpg 768w, https:\/\/fischerstadt-zeitdiebe.de\/wp-content\/uploads\/2023\/04\/Marie-Vom-Rathaus-600x1081.jpg 600w\" sizes=\"auto, (max-width: 195px) 100vw, 195px\" \/><\/h3>\n<h3 style=\"text-align: center;\">MARIE VOM RATHAUS<\/h3>\n<hr \/>\n<h3 style=\"text-align: center;\"><img loading=\"lazy\" decoding=\"async\" class=\"wp-image-129 aligncenter\" src=\"http:\/\/fischerstadt-zeitdiebe.de\/wp-content\/uploads\/2023\/04\/IMG-20201017-WA0006-446x1024.jpg\" alt=\"\" width=\"201\" height=\"461\" srcset=\"https:\/\/fischerstadt-zeitdiebe.de\/wp-content\/uploads\/2023\/04\/IMG-20201017-WA0006-446x1024.jpg 446w, https:\/\/fischerstadt-zeitdiebe.de\/wp-content\/uploads\/2023\/04\/IMG-20201017-WA0006-131x300.jpg 131w, https:\/\/fischerstadt-zeitdiebe.de\/wp-content\/uploads\/2023\/04\/IMG-20201017-WA0006-670x1536.jpg 670w, https:\/\/fischerstadt-zeitdiebe.de\/wp-content\/uploads\/2023\/04\/IMG-20201017-WA0006-600x1376.jpg 600w, https:\/\/fischerstadt-zeitdiebe.de\/wp-content\/uploads\/2023\/04\/IMG-20201017-WA0006.jpg 685w\" sizes=\"auto, (max-width: 201px) 100vw, 201px\" \/><\/h3>\n<h3 style=\"text-align: center;\"><strong>DIE H\u00dcBSCHLERIN<\/strong><\/h3>\n<hr \/>\n<h3 style=\"text-align: center;\"><img loading=\"lazy\" decoding=\"async\" class=\"wp-image-113 aligncenter\" src=\"http:\/\/fischerstadt-zeitdiebe.de\/wp-content\/uploads\/2023\/04\/Zaenkische-1-e1680549713533-1024x881.jpg\" alt=\"\" width=\"251\" height=\"216\" srcset=\"https:\/\/fischerstadt-zeitdiebe.de\/wp-content\/uploads\/2023\/04\/Zaenkische-1-e1680549713533-1024x881.jpg 1024w, https:\/\/fischerstadt-zeitdiebe.de\/wp-content\/uploads\/2023\/04\/Zaenkische-1-e1680549713533-300x258.jpg 300w, https:\/\/fischerstadt-zeitdiebe.de\/wp-content\/uploads\/2023\/04\/Zaenkische-1-e1680549713533-768x661.jpg 768w, https:\/\/fischerstadt-zeitdiebe.de\/wp-content\/uploads\/2023\/04\/Zaenkische-1-e1680549713533-600x516.jpg 600w, https:\/\/fischerstadt-zeitdiebe.de\/wp-content\/uploads\/2023\/04\/Zaenkische-1-e1680549713533-945x813.jpg 945w, https:\/\/fischerstadt-zeitdiebe.de\/wp-content\/uploads\/2023\/04\/Zaenkische-1-e1680549713533.jpg 1162w\" sizes=\"auto, (max-width: 251px) 100vw, 251px\" \/><\/h3>\n<h3 style=\"text-align: center;\">DAS Z\u00c4NKISCHE EHEWEIB<\/h3>\n<hr \/>\n<h3 style=\"text-align: center;\"><img loading=\"lazy\" decoding=\"async\" class=\"alignnone size-medium wp-image-110\" src=\"http:\/\/fischerstadt-zeitdiebe.de\/wp-content\/uploads\/2023\/04\/Allkunstfertige-200x300.jpg\" alt=\"\" width=\"200\" height=\"300\" srcset=\"https:\/\/fischerstadt-zeitdiebe.de\/wp-content\/uploads\/2023\/04\/Allkunstfertige-200x300.jpg 200w, https:\/\/fischerstadt-zeitdiebe.de\/wp-content\/uploads\/2023\/04\/Allkunstfertige-683x1024.jpg 683w, https:\/\/fischerstadt-zeitdiebe.de\/wp-content\/uploads\/2023\/04\/Allkunstfertige-768x1152.jpg 768w, https:\/\/fischerstadt-zeitdiebe.de\/wp-content\/uploads\/2023\/04\/Allkunstfertige-600x900.jpg 600w, https:\/\/fischerstadt-zeitdiebe.de\/wp-content\/uploads\/2023\/04\/Allkunstfertige-945x1418.jpg 945w, https:\/\/fischerstadt-zeitdiebe.de\/wp-content\/uploads\/2023\/04\/Allkunstfertige.jpg 1000w\" sizes=\"auto, (max-width: 200px) 100vw, 200px\" \/><\/h3>\n<h3 style=\"text-align: center;\"><strong>DIE ALLKUNSTFERTIGE<\/strong><\/h3>\n<p>\u00a0<\/p>\n\n\n<p><\/p>\n","protected":false},"excerpt":{"rendered":"<p>\u00a0 \u00a0MEISTER J\u00d6RGEN SCHALLERMANN ULI FISCHERS FRAU MARIE VOM RATHAUS DIE H\u00dcBSCHLERIN DAS Z\u00c4NKISCHE EHEWEIB DIE ALLKUNSTFERTIGE \u00a0<\/p>\n","protected":false},"author":1,"featured_media":0,"parent":0,"menu_order":0,"comment_status":"closed","ping_status":"closed","template":"","meta":{"footnotes":""},"class_list":["post-8","page","type-page","status-publish","hentry"],"_links":{"self":[{"href":"https:\/\/fischerstadt-zeitdiebe.de\/index.php?rest_route=\/wp\/v2\/pages\/8","targetHints":{"allow":["GET"]}}],"collection":[{"href":"https:\/\/fischerstadt-zeitdiebe.de\/index.php?rest_route=\/wp\/v2\/pages"}],"about":[{"href":"https:\/\/fischerstadt-zeitdiebe.de\/index.php?rest_route=\/wp\/v2\/types\/page"}],"author":[{"embeddable":true,"href":"https:\/\/fischerstadt-zeitdiebe.de\/index.php?rest_route=\/wp\/v2\/users\/1"}],"replies":[{"embeddable":true,"href":"https:\/\/fischerstadt-zeitdiebe.de\/index.php?rest_route=%2Fwp%2Fv2%2Fcomments&post=8"}],"version-history":[{"count":31,"href":"https:\/\/fischerstadt-zeitdiebe.de\/index.php?rest_route=\/wp\/v2\/pages\/8\/revisions"}],"predecessor-version":[{"id":144,"href":"https:\/\/fischerstadt-zeitdiebe.de\/index.php?rest_route=\/wp\/v2\/pages\/8\/revisions\/144"}],"wp:attachment":[{"href":"https:\/\/fischerstadt-zeitdiebe.de\/index.php?rest_route=%2Fwp%2Fv2%2Fmedia&parent=8"}],"curies":[{"name":"wp","href":"https:\/\/api.w.org\/{rel}","templated":true}]}}